{"id":2504,"date":"2020-02-12T15:12:20","date_gmt":"2020-02-12T15:12:20","guid":{"rendered":"https:\/\/touchup.qodeinteractive.com\/?page_id=2504"},"modified":"2022-09-27T13:44:46","modified_gmt":"2022-09-27T13:44:46","slug":"portfoliu","status":"publish","type":"page","link":"https:\/\/malinaclinic.ro\/ru\/portfoliu\/","title":{"rendered":"\u041f\u041e\u0420\u0422\u0424\u041e\u041b\u0418\u041e"},"content":{"rendered":"<div data-elementor-type=\"wp-page\" data-elementor-id=\"2504\" class=\"elementor elementor-2504\">\n\t\t\t\t\t\t\t\t\t<section class=\"elementor-section elementor-top-section elementor-element elementor-element-8f008eb qodef-elementor-content-grid elementor-section-boxed elementor-section-height-default elementor-section-height-default\" data-id=\"8f008eb\" data-element_type=\"section\" data-settings=\"{&quot;background_background&quot;:&quot;classic&quot;}\">\n\t\t\t\t\t\t<div class=\"elementor-container elementor-column-gap-default\">\n\t\t\t\t\t<div class=\"elementor-column elementor-col-100 elementor-top-column elementor-element elementor-element-6fa69677\" data-id=\"6fa69677\" data-element_type=\"column\">\n\t\t\t<div class=\"elementor-widget-wrap elementor-element-populated\">\n\t\t\t\t\t\t\t\t<div class=\"elementor-element elementor-element-10a97e00 elementor-widget elementor-widget-touchup_core_section_title\" data-id=\"10a97e00\" data-element_type=\"widget\" data-widget_type=\"touchup_core_section_title.default\">\n\t\t\t\t<div class=\"elementor-widget-container\">\n\t\t\t<div class=\"qodef-shortcode qodef-m  qodef-section-title qodef-alignment--center\">\n\t\t<h2 class=\"qodef-m-title\" >\n\t\t\t\t\tDescoper\u0103 portofoliul nostru\t\t\t<\/h2>\n\t<\/div>\t\t<\/div>\n\t\t\t\t<\/div>\n\t\t\t\t\t<\/div>\n\t\t<\/div>\n\t\t\t\t\t\t\t<\/div>\n\t\t<\/section>\n\t\t\t\t<section class=\"elementor-section elementor-top-section elementor-element elementor-element-54f5eb29 qodef-elementor-content-grid elementor-section-boxed elementor-section-height-default elementor-section-height-default\" data-id=\"54f5eb29\" data-element_type=\"section\">\n\t\t\t\t\t\t<div class=\"elementor-container elementor-column-gap-default\">\n\t\t\t\t\t<div class=\"elementor-column elementor-col-100 elementor-top-column elementor-element elementor-element-bf4585e\" data-id=\"bf4585e\" data-element_type=\"column\">\n\t\t\t<div class=\"elementor-widget-wrap elementor-element-populated\">\n\t\t\t\t\t\t\t\t<div class=\"elementor-element elementor-element-3f0d2a4b elementor-widget elementor-widget-touchup_core_portfolio_list\" data-id=\"3f0d2a4b\" data-element_type=\"widget\" data-widget_type=\"touchup_core_portfolio_list.default\">\n\t\t\t\t<div class=\"elementor-widget-container\">\n\t\t\t<div class=\"qodef-shortcode qodef-m  qodef-portfolio-list qodef-grid qodef-layout--columns  qodef-gutter--normal qodef-col-num--4 qodef-item-layout--info-on-hover qodef-filter--on qodef-pagination--on qodef-pagination-type--load-more qodef-responsive--predefined qodef-hover-animation--fade-in\" data-options=\"{&quot;plugin&quot;:&quot;touchup_core&quot;,&quot;module&quot;:&quot;post-types\\\/portfolio\\\/shortcodes&quot;,&quot;shortcode&quot;:&quot;portfolio-list&quot;,&quot;post_type&quot;:&quot;portfolio-item&quot;,&quot;next_page&quot;:&quot;2&quot;,&quot;behavior&quot;:&quot;columns&quot;,&quot;images_proportion&quot;:&quot;full&quot;,&quot;columns&quot;:&quot;4&quot;,&quot;columns_responsive&quot;:&quot;predefined&quot;,&quot;columns_1440&quot;:&quot;3&quot;,&quot;columns_1366&quot;:&quot;3&quot;,&quot;columns_1024&quot;:&quot;3&quot;,&quot;columns_768&quot;:&quot;3&quot;,&quot;columns_680&quot;:&quot;3&quot;,&quot;columns_480&quot;:&quot;3&quot;,&quot;space&quot;:&quot;normal&quot;,&quot;posts_per_page&quot;:&quot;-1&quot;,&quot;orderby&quot;:&quot;menu_order&quot;,&quot;order&quot;:&quot;ASC&quot;,&quot;layout&quot;:&quot;info-on-hover&quot;,&quot;hover_animation_info-below&quot;:&quot;zoom&quot;,&quot;hover_animation_info-on-hover&quot;:&quot;fade-in&quot;,&quot;title_tag&quot;:&quot;h4&quot;,&quot;custom_padding&quot;:&quot;no&quot;,&quot;enable_filter&quot;:&quot;yes&quot;,&quot;pagination_type&quot;:&quot;load-more&quot;,&quot;object_class_name&quot;:&quot;TouchUpCorePortfolioListShortcode&quot;,&quot;taxonomy_filter&quot;:&quot;portfolio-category&quot;,&quot;space_value&quot;:15}\">\n\t\t<div class=\"qodef-m-filter\">\n\t\t\t\t\t<div class=\"qodef-m-filter-items\">\n\t\t\t\t<a class=\"qodef-m-filter-item qodef--active\" href=\"#\" data-taxonomy=\"portfolio-category\" data-filter=\"*\">\n\t\t\t\t\t<span class=\"qodef-m-filter-item-name\">Show All<\/span>\n\t\t\t\t<\/a>\n\t\t\t\t\t\t\t\t\t<a class=\"qodef-m-filter-item\" href=\"#\" data-taxonomy=\"portfolio-category\" data-filter=\"epilare-definitiva\">\n\t\t\t\t\t\t<span class=\"qodef-m-filter-item-name\">\u041b\u0430\u0437\u0435\u0440\u043d\u0430\u044f \u044d\u043f\u0438\u043b\u044f\u0446\u0438\u044f<\/span>\n\t\t\t\t\t<\/a>\n\t\t\t\t\t\t\t\t\t<a class=\"qodef-m-filter-item\" href=\"#\" data-taxonomy=\"portfolio-category\" data-filter=\"tratamente-faciale\">\n\t\t\t\t\t\t<span class=\"qodef-m-filter-item-name\">\u041f\u0440\u043e\u0446\u0435\u0434\u0443\u0440\u044b \u0434\u043b\u044f \u043b\u0438\u0446\u0430<\/span>\n\t\t\t\t\t<\/a>\n\t\t\t\t\t\t\t<\/div>\n\t\t\t<\/div>\n\t<div class=\"qodef-grid-inner clear\">\n\t\t<article class=\"qodef-e qodef-grid-item qodef-item--full post-9771 portfolio-item type-portfolio-item status-publish has-post-thumbnail hentry portfolio-category-tratamente-faciale\">\n\t<div class=\"qodef-e-inner\" >\n\t\t<div class=\"qodef-e-image\">\n\t\t\t\t<div class=\"qodef-e-media-image\">\n\t\t<a itemprop=\"url\" href=\"https:\/\/malinaclinic.ro\/ru\/portfolio-item\/radiofrecventa-faciala\/\">\n\t\t\t<img loading=\"lazy\" decoding=\"async\" width=\"840\" height=\"600\" src=\"https:\/\/malinaclinic.ro\/wp-content\/uploads\/2021\/12\/Radiofrecventa-faciala-fi.jpg\" class=\"attachment-full size-full wp-post-image\" alt=\"Radiofrecventa faciala fi\" srcset=\"https:\/\/malinaclinic.ro\/wp-content\/uploads\/2021\/12\/Radiofrecventa-faciala-fi.jpg 840w, https:\/\/malinaclinic.ro\/wp-content\/uploads\/2021\/12\/Radiofrecventa-faciala-fi-300x214.jpg 300w, https:\/\/malinaclinic.ro\/wp-content\/uploads\/2021\/12\/Radiofrecventa-faciala-fi-768x549.jpg 768w, https:\/\/malinaclinic.ro\/wp-content\/uploads\/2021\/12\/Radiofrecventa-faciala-fi-18x12.jpg 18w\" sizes=\"auto, (max-width: 840px) 100vw, 840px\" \/>\t\t<\/a>\n\t<\/div>\n\t\t<\/div>\n\t\t<div class=\"qodef-e-content\">\n\t\t\t<div class=\"qodef-e-content-inner\">\n\t\t\t\t<a itemprop=\"url\" href=\"https:\/\/malinaclinic.ro\/ru\/portfolio-item\/radiofrecventa-faciala\/\"><\/a>\n\t\t\t\t<h4 itemprop=\"name\" class=\"qodef-e-title entry-title\" >\n\t<a itemprop=\"url\" class=\"qodef-e-title-link\" href=\"https:\/\/malinaclinic.ro\/ru\/portfolio-item\/radiofrecventa-faciala\/\">\n\t\tRadiofrecven\u021b\u0103 facial\u0103\t<\/a>\n<\/h4>\t\t\t\t<div class=\"qodef-e-info-category\">\n\t\t\t<a itemprop=\"url\" class=\"qodef-e-category\" href=\"https:\/\/malinaclinic.ro\/ru\/portfolio-category\/tratamente-faciale\/\">\n\t\t\t\u041f\u0440\u043e\u0446\u0435\u0434\u0443\u0440\u044b \u0434\u043b\u044f \u043b\u0438\u0446\u0430<\/a>\n\t<\/div>\n\t\t\t<\/div>\n\t\t<\/div>\n\t<\/div>\n<\/article><article class=\"qodef-e qodef-grid-item qodef-item--full post-9776 portfolio-item type-portfolio-item status-publish has-post-thumbnail hentry portfolio-category-tratamente-faciale\">\n\t<div class=\"qodef-e-inner\" >\n\t\t<div class=\"qodef-e-image\">\n\t\t\t\t<div class=\"qodef-e-media-image\">\n\t\t<a itemprop=\"url\" href=\"https:\/\/malinaclinic.ro\/ru\/portfolio-item\/oxigenare-cu-oxygen-hyperbaric\/\">\n\t\t\t<img loading=\"lazy\" decoding=\"async\" width=\"840\" height=\"600\" src=\"https:\/\/malinaclinic.ro\/wp-content\/uploads\/2021\/12\/Oxigenare-Malina-Clinic.jpg\" class=\"attachment-full size-full wp-post-image\" alt=\"Oxigenare cu Oxygen Hyperbaric\" srcset=\"https:\/\/malinaclinic.ro\/wp-content\/uploads\/2021\/12\/Oxigenare-Malina-Clinic.jpg 840w, https:\/\/malinaclinic.ro\/wp-content\/uploads\/2021\/12\/Oxigenare-Malina-Clinic-300x214.jpg 300w, https:\/\/malinaclinic.ro\/wp-content\/uploads\/2021\/12\/Oxigenare-Malina-Clinic-768x549.jpg 768w, https:\/\/malinaclinic.ro\/wp-content\/uploads\/2021\/12\/Oxigenare-Malina-Clinic-18x12.jpg 18w\" sizes=\"auto, (max-width: 840px) 100vw, 840px\" \/>\t\t<\/a>\n\t<\/div>\n\t\t<\/div>\n\t\t<div class=\"qodef-e-content\">\n\t\t\t<div class=\"qodef-e-content-inner\">\n\t\t\t\t<a itemprop=\"url\" href=\"https:\/\/malinaclinic.ro\/ru\/portfolio-item\/oxigenare-cu-oxygen-hyperbaric\/\"><\/a>\n\t\t\t\t<h4 itemprop=\"name\" class=\"qodef-e-title entry-title\" >\n\t<a itemprop=\"url\" class=\"qodef-e-title-link\" href=\"https:\/\/malinaclinic.ro\/ru\/portfolio-item\/oxigenare-cu-oxygen-hyperbaric\/\">\n\t\tOxygen Hyperbaric\t<\/a>\n<\/h4>\t\t\t\t<div class=\"qodef-e-info-category\">\n\t\t\t<a itemprop=\"url\" class=\"qodef-e-category\" href=\"https:\/\/malinaclinic.ro\/ru\/portfolio-category\/tratamente-faciale\/\">\n\t\t\t\u041f\u0440\u043e\u0446\u0435\u0434\u0443\u0440\u044b \u0434\u043b\u044f \u043b\u0438\u0446\u0430<\/a>\n\t<\/div>\n\t\t\t<\/div>\n\t\t<\/div>\n\t<\/div>\n<\/article><article class=\"qodef-e qodef-grid-item qodef-item--full post-3906 portfolio-item type-portfolio-item status-publish has-post-thumbnail hentry portfolio-category-epilare-definitiva\">\n\t<div class=\"qodef-e-inner\" >\n\t\t<div class=\"qodef-e-image\">\n\t\t\t\t<div class=\"qodef-e-media-image\">\n\t\t<a itemprop=\"url\" href=\"https:\/\/malinaclinic.ro\/ru\/portfolio-item\/epilare-definitiva\/\">\n\t\t\t<img loading=\"lazy\" decoding=\"async\" width=\"840\" height=\"600\" src=\"https:\/\/malinaclinic.ro\/wp-content\/uploads\/2021\/12\/Epilare-definitiva.jpg\" class=\"attachment-full size-full wp-post-image\" alt=\"Epilare definitiva Malina Clinic\" srcset=\"https:\/\/malinaclinic.ro\/wp-content\/uploads\/2021\/12\/Epilare-definitiva.jpg 840w, https:\/\/malinaclinic.ro\/wp-content\/uploads\/2021\/12\/Epilare-definitiva-300x214.jpg 300w, https:\/\/malinaclinic.ro\/wp-content\/uploads\/2021\/12\/Epilare-definitiva-768x549.jpg 768w\" sizes=\"auto, (max-width: 840px) 100vw, 840px\" \/>\t\t<\/a>\n\t<\/div>\n\t\t<\/div>\n\t\t<div class=\"qodef-e-content\">\n\t\t\t<div class=\"qodef-e-content-inner\">\n\t\t\t\t<a itemprop=\"url\" href=\"https:\/\/malinaclinic.ro\/ru\/portfolio-item\/epilare-definitiva\/\"><\/a>\n\t\t\t\t<h4 itemprop=\"name\" class=\"qodef-e-title entry-title\" >\n\t<a itemprop=\"url\" class=\"qodef-e-title-link\" href=\"https:\/\/malinaclinic.ro\/ru\/portfolio-item\/epilare-definitiva\/\">\n\t\t\u041b\u0430\u0437\u0435\u0440\u043d\u0430\u044f \u044d\u043f\u0438\u043b\u044f\u0446\u0438\u044f\t<\/a>\n<\/h4>\t\t\t\t<div class=\"qodef-e-info-category\">\n\t\t\t<a itemprop=\"url\" class=\"qodef-e-category\" href=\"https:\/\/malinaclinic.ro\/ru\/portfolio-category\/epilare-definitiva\/\">\n\t\t\t\u041b\u0430\u0437\u0435\u0440\u043d\u0430\u044f \u044d\u043f\u0438\u043b\u044f\u0446\u0438\u044f<\/a>\n\t<\/div>\n\t\t\t<\/div>\n\t\t<\/div>\n\t<\/div>\n<\/article>\t<\/div>\n\t<\/div>\t\t<\/div>\n\t\t\t\t<\/div>\n\t\t\t\t\t<\/div>\n\t\t<\/div>\n\t\t\t\t\t\t\t<\/div>\n\t\t<\/section>\n\t\t\t\t\t\t\t<\/div>","protected":false},"excerpt":{"rendered":"<p>Descoper\u0103 portofoliul nostru Show All Epilare definitiv\u0103 Tratamente faciale Radiofrecven\u021b\u0103 facial\u0103 Tratamente faciale Oxygen Hyperbaric Tratamente faciale Epilare definitiv\u0103 Epilare definitiv\u0103<\/p>","protected":false},"author":1,"featured_media":0,"parent":0,"menu_order":0,"comment_status":"closed","ping_status":"closed","template":"page-full-width.php","meta":{"footnotes":""},"class_list":["post-2504","page","type-page","status-publish","hentry"],"yoast_head":"<!-- This site is optimized with the Yoast SEO plugin v20.12 - https:\/\/yoast.com\/wordpress\/plugins\/seo\/ -->\n<title>Portfoliu - Malina Clinic<\/title>\n<meta name=\"robots\" content=\"index, follow, max-snippet:-1, max-image-preview:large, max-video-preview:-1\" \/>\n<link rel=\"canonical\" href=\"https:\/\/malinaclinic.ro\/ru\/portfoliu\/\" \/>\n<meta property=\"og:locale\" content=\"ru_RU\" \/>\n<meta property=\"og:type\" content=\"article\" \/>\n<meta property=\"og:title\" content=\"Portfoliu - Malina Clinic\" \/>\n<meta property=\"og:description\" content=\"Descoper\u0103 portofoliul nostru Show All Epilare definitiv\u0103 Tratamente faciale Radiofrecven\u021b\u0103 facial\u0103 Tratamente faciale Oxygen Hyperbaric Tratamente faciale Epilare definitiv\u0103 Epilare definitiv\u0103\" \/>\n<meta property=\"og:url\" content=\"https:\/\/malinaclinic.ro\/ru\/portfoliu\/\" \/>\n<meta property=\"og:site_name\" content=\"Malina Clinic\" \/>\n<meta property=\"article:modified_time\" content=\"2022-09-27T13:44:46+00:00\" \/>\n<meta property=\"og:image\" content=\"http:\/\/malinaclinic.ro\/wp-content\/uploads\/2021\/12\/Radiofrecventa-faciala-fi.jpg\" \/>\n<meta name=\"twitter:card\" content=\"summary_large_image\" \/>\n<meta name=\"twitter:label1\" content=\"\u041f\u0440\u0438\u043c\u0435\u0440\u043d\u043e\u0435 \u0432\u0440\u0435\u043c\u044f \u0434\u043b\u044f \u0447\u0442\u0435\u043d\u0438\u044f\" \/>\n\t<meta name=\"twitter:data1\" content=\"1 \u043c\u0438\u043d\u0443\u0442\u0430\" \/>\n<script type=\"application\/ld+json\" class=\"yoast-schema-graph\">{\"@context\":\"https:\/\/schema.org\",\"@graph\":[{\"@type\":\"WebPage\",\"@id\":\"https:\/\/malinaclinic.ro\/portfoliu\/\",\"url\":\"https:\/\/malinaclinic.ro\/portfoliu\/\",\"name\":\"Portfoliu - Malina Clinic\",\"isPartOf\":{\"@id\":\"https:\/\/malinaclinic.ro\/#website\"},\"datePublished\":\"2020-02-12T15:12:20+00:00\",\"dateModified\":\"2022-09-27T13:44:46+00:00\",\"breadcrumb\":{\"@id\":\"https:\/\/malinaclinic.ro\/portfoliu\/#breadcrumb\"},\"inLanguage\":\"ru-RU\",\"potentialAction\":[{\"@type\":\"ReadAction\",\"target\":[\"https:\/\/malinaclinic.ro\/portfoliu\/\"]}]},{\"@type\":\"BreadcrumbList\",\"@id\":\"https:\/\/malinaclinic.ro\/portfoliu\/#breadcrumb\",\"itemListElement\":[{\"@type\":\"ListItem\",\"position\":1,\"name\":\"Home\",\"item\":\"https:\/\/malinaclinic.ro\/\"},{\"@type\":\"ListItem\",\"position\":2,\"name\":\"Portfoliu\"}]},{\"@type\":\"WebSite\",\"@id\":\"https:\/\/malinaclinic.ro\/#website\",\"url\":\"https:\/\/malinaclinic.ro\/\",\"name\":\"Malina Clinic\",\"description\":\"Clinic\u0103 de \u00eenfrumuse\u021bare\",\"potentialAction\":[{\"@type\":\"SearchAction\",\"target\":{\"@type\":\"EntryPoint\",\"urlTemplate\":\"https:\/\/malinaclinic.ro\/?s={search_term_string}\"},\"query-input\":\"required name=search_term_string\"}],\"inLanguage\":\"ru-RU\"}]}<\/script>\n<!-- \/ Yoast SEO plugin. -->","yoast_head_json":{"title":"Portfoliu - Malina Clinic","robots":{"index":"index","follow":"follow","max-snippet":"max-snippet:-1","max-image-preview":"max-image-preview:large","max-video-preview":"max-video-preview:-1"},"canonical":"https:\/\/malinaclinic.ro\/ru\/portfoliu\/","og_locale":"ru_RU","og_type":"article","og_title":"Portfoliu - Malina Clinic","og_description":"Descoper\u0103 portofoliul nostru Show All Epilare definitiv\u0103 Tratamente faciale Radiofrecven\u021b\u0103 facial\u0103 Tratamente faciale Oxygen Hyperbaric Tratamente faciale Epilare definitiv\u0103 Epilare definitiv\u0103","og_url":"https:\/\/malinaclinic.ro\/ru\/portfoliu\/","og_site_name":"Malina Clinic","article_modified_time":"2022-09-27T13:44:46+00:00","og_image":[{"url":"http:\/\/malinaclinic.ro\/wp-content\/uploads\/2021\/12\/Radiofrecventa-faciala-fi.jpg"}],"twitter_card":"summary_large_image","twitter_misc":{"\u041f\u0440\u0438\u043c\u0435\u0440\u043d\u043e\u0435 \u0432\u0440\u0435\u043c\u044f \u0434\u043b\u044f \u0447\u0442\u0435\u043d\u0438\u044f":"1 \u043c\u0438\u043d\u0443\u0442\u0430"},"schema":{"@context":"https:\/\/schema.org","@graph":[{"@type":"WebPage","@id":"https:\/\/malinaclinic.ro\/portfoliu\/","url":"https:\/\/malinaclinic.ro\/portfoliu\/","name":"Portfoliu - Malina Clinic","isPartOf":{"@id":"https:\/\/malinaclinic.ro\/#website"},"datePublished":"2020-02-12T15:12:20+00:00","dateModified":"2022-09-27T13:44:46+00:00","breadcrumb":{"@id":"https:\/\/malinaclinic.ro\/portfoliu\/#breadcrumb"},"inLanguage":"ru-RU","potentialAction":[{"@type":"ReadAction","target":["https:\/\/malinaclinic.ro\/portfoliu\/"]}]},{"@type":"BreadcrumbList","@id":"https:\/\/malinaclinic.ro\/portfoliu\/#breadcrumb","itemListElement":[{"@type":"ListItem","position":1,"name":"Home","item":"https:\/\/malinaclinic.ro\/"},{"@type":"ListItem","position":2,"name":"Portfoliu"}]},{"@type":"WebSite","@id":"https:\/\/malinaclinic.ro\/#website","url":"https:\/\/malinaclinic.ro\/","name":"Malina Clinic","description":"Clinic\u0103 de \u00eenfrumuse\u021bare","potentialAction":[{"@type":"SearchAction","target":{"@type":"EntryPoint","urlTemplate":"https:\/\/malinaclinic.ro\/?s={search_term_string}"},"query-input":"required name=search_term_string"}],"inLanguage":"ru-RU"}]}},"_links":{"self":[{"href":"https:\/\/malinaclinic.ro\/ru\/wp-json\/wp\/v2\/pages\/2504","targetHints":{"allow":["GET"]}}],"collection":[{"href":"https:\/\/malinaclinic.ro\/ru\/wp-json\/wp\/v2\/pages"}],"about":[{"href":"https:\/\/malinaclinic.ro\/ru\/wp-json\/wp\/v2\/types\/page"}],"author":[{"embeddable":true,"href":"https:\/\/malinaclinic.ro\/ru\/wp-json\/wp\/v2\/users\/1"}],"replies":[{"embeddable":true,"href":"https:\/\/malinaclinic.ro\/ru\/wp-json\/wp\/v2\/comments?post=2504"}],"version-history":[{"count":5,"href":"https:\/\/malinaclinic.ro\/ru\/wp-json\/wp\/v2\/pages\/2504\/revisions"}],"predecessor-version":[{"id":10129,"href":"https:\/\/malinaclinic.ro\/ru\/wp-json\/wp\/v2\/pages\/2504\/revisions\/10129"}],"wp:attachment":[{"href":"https:\/\/malinaclinic.ro\/ru\/wp-json\/wp\/v2\/media?parent=2504"}],"curies":[{"name":"wp","href":"https:\/\/api.w.org\/{rel}","templated":true}]}}