{"id":3081,"date":"2020-02-14T13:16:36","date_gmt":"2020-02-14T13:16:36","guid":{"rendered":"https:\/\/touchup.qodeinteractive.com\/?page_id=3081"},"modified":"2023-04-28T06:46:51","modified_gmt":"2023-04-28T06:46:51","slug":"blog","status":"publish","type":"page","link":"https:\/\/malinaclinic.ro\/ru\/blog\/","title":{"rendered":"Blog"},"content":{"rendered":"<div data-elementor-type=\"wp-page\" data-elementor-id=\"3081\" class=\"elementor elementor-3081\">\n\t\t\t\t\t\t\t\t\t<section class=\"elementor-section elementor-top-section elementor-element elementor-element-f96870a elementor-section-full_width elementor-section-height-default elementor-section-height-default qodef-elementor-content-no\" data-id=\"f96870a\" data-element_type=\"section\">\n\t\t\t\t\t\t<div class=\"elementor-container elementor-column-gap-default\">\n\t\t\t\t\t<div class=\"elementor-column elementor-col-100 elementor-top-column elementor-element elementor-element-52cf299\" data-id=\"52cf299\" data-element_type=\"column\">\n\t\t\t<div class=\"elementor-widget-wrap elementor-element-populated\">\n\t\t\t\t\t\t\t\t<div class=\"elementor-element elementor-element-8d2a704 elementor-widget elementor-widget-touchup_core_blog_list\" data-id=\"8d2a704\" data-element_type=\"widget\" data-widget_type=\"touchup_core_blog_list.default\">\n\t\t\t\t<div class=\"elementor-widget-container\">\n\t\t\t<div class=\"qodef-shortcode qodef-m  qodef-blog qodef--list qodef-grid qodef-layout--columns  qodef-gutter--large qodef-col-num--1 qodef-item-layout--standard qodef-pagination--on qodef-pagination-type--standard qodef-responsive--predefined\" data-options=\"{&quot;plugin&quot;:&quot;touchup_core&quot;,&quot;module&quot;:&quot;blog\\\/shortcodes&quot;,&quot;shortcode&quot;:&quot;blog-list&quot;,&quot;post_type&quot;:&quot;post&quot;,&quot;next_page&quot;:&quot;2&quot;,&quot;max_pages_num&quot;:1,&quot;behavior&quot;:&quot;columns&quot;,&quot;images_proportion&quot;:&quot;full&quot;,&quot;columns&quot;:&quot;1&quot;,&quot;columns_responsive&quot;:&quot;predefined&quot;,&quot;columns_1440&quot;:&quot;3&quot;,&quot;columns_1366&quot;:&quot;3&quot;,&quot;columns_1024&quot;:&quot;3&quot;,&quot;columns_768&quot;:&quot;3&quot;,&quot;columns_680&quot;:&quot;3&quot;,&quot;columns_480&quot;:&quot;3&quot;,&quot;space&quot;:&quot;large&quot;,&quot;posts_per_page&quot;:&quot;4&quot;,&quot;orderby&quot;:&quot;date&quot;,&quot;order&quot;:&quot;ASC&quot;,&quot;layout&quot;:&quot;standard&quot;,&quot;title_tag&quot;:&quot;h3&quot;,&quot;excerpt_length&quot;:&quot;170&quot;,&quot;pagination_type&quot;:&quot;standard&quot;,&quot;enable_button&quot;:&quot;no&quot;,&quot;object_class_name&quot;:&quot;TouchUpCoreBlogListShortcode&quot;,&quot;taxonomy_filter&quot;:&quot;category&quot;,&quot;space_value&quot;:25}\">\n\t\t<div class=\"qodef-grid-inner clear\">\n\t\t<article class=\"qodef-e qodef-grid-item qodef-item--full post-3202 post type-post status-publish format-gallery has-post-thumbnail hentry category-malina-clinic tag-face-skin post_format-post-format-gallery\">\n\t<div class=\"qodef-e-inner\">\n\t\t<div class=\"qodef-e-media\">\n\t\t<div class=\"qodef-e-media-gallery qodef-swiper-container\">\n\t\t<div class=\"swiper-wrapper\">\n\t\t\t\t\t\t\t<div class=\"qodef-e-media-gallery-item swiper-slide\">\n\t\t\t\t\t\t\t\t\t\t\t<a itemprop=\"url\" href=\"https:\/\/malinaclinic.ro\/ru\/2023\/04\/28\/marina-fulga-fauritoarea-visurilor-ce-devin-realitate\/\">\n\t\t\t\t\t\t\t\t\t\t\t<img loading=\"lazy\" decoding=\"async\" width=\"840\" height=\"600\" src=\"https:\/\/malinaclinic.ro\/wp-content\/uploads\/2021\/12\/Radiofrecventa-faciala-fi.jpg\" class=\"attachment-full size-full\" alt=\"Radiofrecventa faciala fi\" srcset=\"https:\/\/malinaclinic.ro\/wp-content\/uploads\/2021\/12\/Radiofrecventa-faciala-fi.jpg 840w, https:\/\/malinaclinic.ro\/wp-content\/uploads\/2021\/12\/Radiofrecventa-faciala-fi-300x214.jpg 300w, https:\/\/malinaclinic.ro\/wp-content\/uploads\/2021\/12\/Radiofrecventa-faciala-fi-768x549.jpg 768w, https:\/\/malinaclinic.ro\/wp-content\/uploads\/2021\/12\/Radiofrecventa-faciala-fi-18x12.jpg 18w\" sizes=\"auto, (max-width: 840px) 100vw, 840px\" \/>\t\t\t\t\t\t\t\t\t\t\t<\/a>\n\t\t\t\t\t\t\t\t\t<\/div>\n\t\t\t\t\t<\/div>\n\t\t<div class=\"swiper-button-next\"><svg xmlns=\"http:\/\/www.w3.org\/2000\/svg\" xmlns:xlink=\"http:\/\/www.w3.org\/1999\/xlink\" x=\"0px\" y=\"0px\" width=\"40px\" height=\"75px\" viewbox=\"0 0 40 75\" enable-background=\"new 0 0 40 75\" xml:space=\"preserve\">\n\t\t\t\t\t<polyline fill=\"none\" stroke=\"#777777\" stroke-width=\"2\" stroke-miterlimit=\"10\" points=\"38.25,74 1.75,37.5 38.25,1 \"\/>\n\t\t\t\t<\/svg><\/div>\n\t\t<div class=\"swiper-button-prev\"><svg xmlns=\"http:\/\/www.w3.org\/2000\/svg\" xmlns:xlink=\"http:\/\/www.w3.org\/1999\/xlink\" x=\"0px\" y=\"0px\" width=\"40px\" height=\"75px\" viewbox=\"0 0 40 75\" enable-background=\"new 0 0 40 75\" xml:space=\"preserve\">\n\t\t\t\t\t<polyline fill=\"none\" stroke=\"#777777\" stroke-width=\"2\" stroke-miterlimit=\"10\" points=\"38.25,74 1.75,37.5 38.25,1 \"\/>\n\t\t\t\t<\/svg><\/div>\n\t<\/div>\n<\/div>\t\t<div class=\"qodef-e-content\">\n\t\t\t<div class=\"qodef-e-info qodef-info--top\">\n\t\t\t\t\n\t\t\t\t<div class=\"qodef-e-info-left\">\n\t\t\t\t\t<div itemprop=\"dateCreated\" class=\"qodef-e-info-item qodef-e-info-date entry-date\">\n\t<a itemprop=\"url\" href=\"https:\/\/malinaclinic.ro\/ru\/2023\/04\/\">28 \u0430\u043f\u0440\u0435\u043b\u044f, 2023<\/a>\n\t<meta itemprop=\"interactionCount\" content=\"UserComments: 0\"\/>\n<\/div><div class=\"qodef-e-info-item qodef-e-info-category\">\n\t<a href=\"https:\/\/malinaclinic.ro\/ru\/category\/malina-clinic\/\" rel=\"category tag\">\u0421\u043f\u0435\u0446\u0438\u0430\u043b\u044c\u043d\u044b\u0435 \u043f\u0440\u0435\u0434\u043b\u043e\u0436\u0435\u043d\u0438\u044f<\/a><\/div>\t\t\t\t<\/div>\n\t\t\t\t<div class=\"qodef-e-info-right\">\n\t\t\t\t\t\t<div class=\"qodef-e-info-item qodef-e-info-social-share\">\n\t\t<div class=\"qodef-shortcode qodef-m  qodef-social-share clear qodef-layout--list\">\t\t<ul class=\"qodef-shortcode-list\">\t\t<li class=\"qodef-facebook-share\">\t<a itemprop=\"url\" class=\"qodef-share-link\" href=\"#\" onclick=\"window.open(&#039;https:\/\/www.facebook.com\/sharer.php?u=https%3A%2F%2Fmalinaclinic.ro%2Fru%2F2023%2F04%2F28%2Fmarina-fulga-fauritoarea-visurilor-ce-devin-realitate%2F&#039;, &#039;sharer&#039;, &#039;toolbar=0,status=0,width=620,height=280&#039;);\">\t \t\t\t\t<span class=\"qodef-icon-elegant-icons social_facebook qodef-social-network-icon\"><\/span>\t\t\t<\/a><\/li><li class=\"qodef-twitter-share\">\t<a itemprop=\"url\" class=\"qodef-share-link\" href=\"#\" onclick=\"window.open(&#039;https:\/\/twitter.com\/intent\/tweet?text=Cine+este+Marina%3F+Marina+Fulga+este+un+medic+cosmetolog+de+perspectiv%C4%83%2C+cu+o+vast%C4%83+experien%C8%9B%C4%83++via+%40QodeInteractivehttps:\/\/malinaclinic.ro\/ru\/2023\/04\/28\/marina-fulga-fauritoarea-visurilor-ce-devin-realitate\/&#039;, &#039;popupwindow&#039;, &#039;scrollbars=yes,width=800,height=400&#039;);\">\t \t\t\t\t<span class=\"qodef-icon-elegant-icons social_twitter qodef-social-network-icon\"><\/span>\t\t\t<\/a><\/li><li class=\"qodef-linkedin-share\">\t<a itemprop=\"url\" class=\"qodef-share-link\" href=\"#\" onclick=\"popUp=window.open(&#039;https:\/\/linkedin.com\/shareArticle?mini=true&amp;url=https%3A%2F%2Fmalinaclinic.ro%2Fru%2F2023%2F04%2F28%2Fmarina-fulga-fauritoarea-visurilor-ce-devin-realitate%2F&amp;title=Marina+Fulga%2C+f%C4%83uritoarea+visurilor+ce+devin+realitate&#039;, &#039;popupwindow&#039;, &#039;scrollbars=yes,width=800,height=400&#039;);popUp.focus();return false;\">\t \t\t\t\t<span class=\"qodef-icon-elegant-icons social_linkedin qodef-social-network-icon\"><\/span>\t\t\t<\/a><\/li><li class=\"qodef-pinterest-share\">\t<a itemprop=\"url\" class=\"qodef-share-link\" href=\"#\" onclick=\"popUp=window.open(&#039;https:\/\/pinterest.com\/pin\/create\/button\/?url=https%3A%2F%2Fmalinaclinic.ro%2Fru%2F2023%2F04%2F28%2Fmarina-fulga-fauritoarea-visurilor-ce-devin-realitate%2F&amp;description=Marina+Fulga%2C+f%C4%83uritoarea+visurilor+ce+devin+realitate&amp;media=https%3A%2F%2Fmalinaclinic.ro%2Fwp-content%2Fuploads%2F2022%2F01%2FUntitled-design-14.jpg&#039;, &#039;popupwindow&#039;, &#039;scrollbars=yes,width=800,height=400&#039;);popUp.focus();return false;\">\t \t\t\t\t<span class=\"qodef-icon-elegant-icons social_pinterest qodef-social-network-icon\"><\/span>\t\t\t<\/a><\/li>\t<\/ul><\/div>\t<\/div>\n\n\n\n\n\t\t\t\t<\/div>\n\t\t\t<\/div>\n\t\t\t<div class=\"qodef-e-text\">\n\t\t\t\t<h3 itemprop=\"name\" class=\"qodef-e-title entry-title\">\n\t\t\t<a itemprop=\"url\" class=\"qodef-e-title-link\" href=\"https:\/\/malinaclinic.ro\/ru\/2023\/04\/28\/marina-fulga-fauritoarea-visurilor-ce-devin-realitate\/\">\n\t\t\tMarina Fulga, f\u0103uritoarea visurilor ce devin realitate\t\t\t<\/a>\n\t<\/h3>\t\t<p itemprop=\"description\" class=\"qodef-e-excerpt\">\n\t\t\tCine este Marina? Marina Fulga este un medic cosmetolog de perspectiv\u0103, cu o vast\u0103 experien\u021b\u0103 \u00een sectorul \u00een care activeaz\u0103 de peste 9 ani. N\u0103scut\u0103 \u00een Republica\t\t<\/p>\n\t\t\t\t<\/div>\n\t\t\t\t\t<\/div>\n\t<\/div>\n<\/article>\t<\/div>\n\t<\/div>\t\t<\/div>\n\t\t\t\t<\/div>\n\t\t\t\t\t<\/div>\n\t\t<\/div>\n\t\t\t\t\t\t\t<\/div>\n\t\t<\/section>\n\t\t\t\t\t\t\t<\/div>","protected":false},"excerpt":{"rendered":"<p>February 14, 2020 Liposuction When surgery isn\u2019t needed Lorem ipsum dolor sit amet, consectetur adipisicing elit, sed do eiusmod tempor incididunt labore et dolore magna aliqua. Ut enim ad minim veniam, quis nostrud exercitati Lorem ipsum dolor sit amet, consectetur adipisicing elit, sed eiusmod tempor incididunt ut labore et dolore magna aliqua ut enim ad [&hellip;]<\/p>","protected":false},"author":1,"featured_media":0,"parent":0,"menu_order":0,"comment_status":"closed","ping_status":"closed","template":"","meta":{"footnotes":""},"class_list":["post-3081","page","type-page","status-publish","hentry"],"yoast_head":"<!-- This site is optimized with the Yoast SEO plugin v20.12 - https:\/\/yoast.com\/wordpress\/plugins\/seo\/ -->\n<title>Blog - Malina Clinic<\/title>\n<meta name=\"robots\" content=\"index, follow, max-snippet:-1, max-image-preview:large, max-video-preview:-1\" \/>\n<link rel=\"canonical\" href=\"https:\/\/malinaclinic.ro\/ru\/blog\/\" \/>\n<meta property=\"og:locale\" content=\"ru_RU\" \/>\n<meta property=\"og:type\" content=\"article\" \/>\n<meta property=\"og:title\" content=\"Blog - Malina Clinic\" \/>\n<meta property=\"og:description\" content=\"February 14, 2020 Liposuction When surgery isn\u2019t needed Lorem ipsum dolor sit amet, consectetur adipisicing elit, sed do eiusmod tempor incididunt labore et dolore magna aliqua. Ut enim ad minim veniam, quis nostrud exercitati Lorem ipsum dolor sit amet, consectetur adipisicing elit, sed eiusmod tempor incididunt ut labore et dolore magna aliqua ut enim ad [&hellip;]\" \/>\n<meta property=\"og:url\" content=\"https:\/\/malinaclinic.ro\/ru\/blog\/\" \/>\n<meta property=\"og:site_name\" content=\"Malina Clinic\" \/>\n<meta property=\"article:modified_time\" content=\"2023-04-28T06:46:51+00:00\" \/>\n<meta property=\"og:image\" content=\"https:\/\/touchup.qodeinteractive.com\/wp-content\/uploads\/2020\/02\/Blog-list-2.jpg\" \/>\n<meta name=\"twitter:card\" content=\"summary_large_image\" \/>\n<script type=\"application\/ld+json\" class=\"yoast-schema-graph\">{\"@context\":\"https:\/\/schema.org\",\"@graph\":[{\"@type\":\"WebPage\",\"@id\":\"https:\/\/malinaclinic.ro\/blog\/\",\"url\":\"https:\/\/malinaclinic.ro\/blog\/\",\"name\":\"Blog - Malina Clinic\",\"isPartOf\":{\"@id\":\"https:\/\/malinaclinic.ro\/#website\"},\"datePublished\":\"2020-02-14T13:16:36+00:00\",\"dateModified\":\"2023-04-28T06:46:51+00:00\",\"breadcrumb\":{\"@id\":\"https:\/\/malinaclinic.ro\/blog\/#breadcrumb\"},\"inLanguage\":\"ru-RU\",\"potentialAction\":[{\"@type\":\"ReadAction\",\"target\":[\"https:\/\/malinaclinic.ro\/blog\/\"]}]},{\"@type\":\"BreadcrumbList\",\"@id\":\"https:\/\/malinaclinic.ro\/blog\/#breadcrumb\",\"itemListElement\":[{\"@type\":\"ListItem\",\"position\":1,\"name\":\"Home\",\"item\":\"https:\/\/malinaclinic.ro\/\"},{\"@type\":\"ListItem\",\"position\":2,\"name\":\"Blog\"}]},{\"@type\":\"WebSite\",\"@id\":\"https:\/\/malinaclinic.ro\/#website\",\"url\":\"https:\/\/malinaclinic.ro\/\",\"name\":\"Malina Clinic\",\"description\":\"Clinic\u0103 de \u00eenfrumuse\u021bare\",\"potentialAction\":[{\"@type\":\"SearchAction\",\"target\":{\"@type\":\"EntryPoint\",\"urlTemplate\":\"https:\/\/malinaclinic.ro\/?s={search_term_string}\"},\"query-input\":\"required name=search_term_string\"}],\"inLanguage\":\"ru-RU\"}]}<\/script>\n<!-- \/ Yoast SEO plugin. -->","yoast_head_json":{"title":"Blog - Malina Clinic","robots":{"index":"index","follow":"follow","max-snippet":"max-snippet:-1","max-image-preview":"max-image-preview:large","max-video-preview":"max-video-preview:-1"},"canonical":"https:\/\/malinaclinic.ro\/ru\/blog\/","og_locale":"ru_RU","og_type":"article","og_title":"Blog - Malina Clinic","og_description":"February 14, 2020 Liposuction When surgery isn\u2019t needed Lorem ipsum dolor sit amet, consectetur adipisicing elit, sed do eiusmod tempor incididunt labore et dolore magna aliqua. Ut enim ad minim veniam, quis nostrud exercitati Lorem ipsum dolor sit amet, consectetur adipisicing elit, sed eiusmod tempor incididunt ut labore et dolore magna aliqua ut enim ad [&hellip;]","og_url":"https:\/\/malinaclinic.ro\/ru\/blog\/","og_site_name":"Malina Clinic","article_modified_time":"2023-04-28T06:46:51+00:00","og_image":[{"url":"https:\/\/touchup.qodeinteractive.com\/wp-content\/uploads\/2020\/02\/Blog-list-2.jpg"}],"twitter_card":"summary_large_image","schema":{"@context":"https:\/\/schema.org","@graph":[{"@type":"WebPage","@id":"https:\/\/malinaclinic.ro\/blog\/","url":"https:\/\/malinaclinic.ro\/blog\/","name":"Blog - Malina Clinic","isPartOf":{"@id":"https:\/\/malinaclinic.ro\/#website"},"datePublished":"2020-02-14T13:16:36+00:00","dateModified":"2023-04-28T06:46:51+00:00","breadcrumb":{"@id":"https:\/\/malinaclinic.ro\/blog\/#breadcrumb"},"inLanguage":"ru-RU","potentialAction":[{"@type":"ReadAction","target":["https:\/\/malinaclinic.ro\/blog\/"]}]},{"@type":"BreadcrumbList","@id":"https:\/\/malinaclinic.ro\/blog\/#breadcrumb","itemListElement":[{"@type":"ListItem","position":1,"name":"Home","item":"https:\/\/malinaclinic.ro\/"},{"@type":"ListItem","position":2,"name":"Blog"}]},{"@type":"WebSite","@id":"https:\/\/malinaclinic.ro\/#website","url":"https:\/\/malinaclinic.ro\/","name":"Malina Clinic","description":"Clinic\u0103 de \u00eenfrumuse\u021bare","potentialAction":[{"@type":"SearchAction","target":{"@type":"EntryPoint","urlTemplate":"https:\/\/malinaclinic.ro\/?s={search_term_string}"},"query-input":"required name=search_term_string"}],"inLanguage":"ru-RU"}]}},"_links":{"self":[{"href":"https:\/\/malinaclinic.ro\/ru\/wp-json\/wp\/v2\/pages\/3081","targetHints":{"allow":["GET"]}}],"collection":[{"href":"https:\/\/malinaclinic.ro\/ru\/wp-json\/wp\/v2\/pages"}],"about":[{"href":"https:\/\/malinaclinic.ro\/ru\/wp-json\/wp\/v2\/types\/page"}],"author":[{"embeddable":true,"href":"https:\/\/malinaclinic.ro\/ru\/wp-json\/wp\/v2\/users\/1"}],"replies":[{"embeddable":true,"href":"https:\/\/malinaclinic.ro\/ru\/wp-json\/wp\/v2\/comments?post=3081"}],"version-history":[{"count":2,"href":"https:\/\/malinaclinic.ro\/ru\/wp-json\/wp\/v2\/pages\/3081\/revisions"}],"predecessor-version":[{"id":10179,"href":"https:\/\/malinaclinic.ro\/ru\/wp-json\/wp\/v2\/pages\/3081\/revisions\/10179"}],"wp:attachment":[{"href":"https:\/\/malinaclinic.ro\/ru\/wp-json\/wp\/v2\/media?parent=3081"}],"curies":[{"name":"wp","href":"https:\/\/api.w.org\/{rel}","templated":true}]}}