{"id":9220,"date":"2021-12-12T20:49:43","date_gmt":"2021-12-12T20:49:43","guid":{"rendered":"https:\/\/www.malinaclinic.ro\/?page_id=9220"},"modified":"2023-04-28T06:43:25","modified_gmt":"2023-04-28T06:43:25","slug":"preturi","status":"publish","type":"page","link":"https:\/\/malinaclinic.ro\/ru\/preturi\/","title":{"rendered":"\u0426\u0415\u041d\u042b"},"content":{"rendered":"<div data-elementor-type=\"wp-page\" data-elementor-id=\"9220\" class=\"elementor elementor-9220\">\n\t\t\t\t\t\t\t\t\t<section class=\"elementor-section elementor-top-section elementor-element elementor-element-35eea871 qodef-elementor-content-grid elementor-section-boxed elementor-section-height-default elementor-section-height-default\" data-id=\"35eea871\" data-element_type=\"section\" data-settings=\"{&quot;background_background&quot;:&quot;classic&quot;}\">\n\t\t\t\t\t\t<div class=\"elementor-container elementor-column-gap-default\">\n\t\t\t\t\t<div class=\"elementor-column elementor-col-100 elementor-top-column elementor-element elementor-element-21d5d72d\" data-id=\"21d5d72d\" data-element_type=\"column\">\n\t\t\t<div class=\"elementor-widget-wrap elementor-element-populated\">\n\t\t\t\t\t\t\t\t<div class=\"elementor-element elementor-element-18959dce elementor-widget elementor-widget-touchup_core_section_title\" data-id=\"18959dce\" data-element_type=\"widget\" data-widget_type=\"touchup_core_section_title.default\">\n\t\t\t\t<div class=\"elementor-widget-container\">\n\t\t\t<div class=\"qodef-shortcode qodef-m  qodef-section-title qodef-alignment--center\">\n\t\t<h2 class=\"qodef-m-title\" >\n\t\t\t\t\tBeauty Menu\t\t\t<\/h2>\n\t<\/div>\t\t<\/div>\n\t\t\t\t<\/div>\n\t\t\t\t\t<\/div>\n\t\t<\/div>\n\t\t\t\t\t\t\t<\/div>\n\t\t<\/section>\n\t\t\t\t<section class=\"elementor-section elementor-top-section elementor-element elementor-element-f0eeb83 elementor-section-full_width elementor-section-stretched elementor-section-height-default elementor-section-height-default qodef-elementor-content-no\" data-id=\"f0eeb83\" data-element_type=\"section\" data-settings=\"{&quot;stretch_section&quot;:&quot;section-stretched&quot;}\">\n\t\t\t\t\t\t<div class=\"elementor-container elementor-column-gap-default\">\n\t\t\t\t\t<div class=\"elementor-column elementor-col-50 elementor-top-column elementor-element elementor-element-5fdbd99\" data-id=\"5fdbd99\" data-element_type=\"column\">\n\t\t\t<div class=\"elementor-widget-wrap elementor-element-populated\">\n\t\t\t\t\t\t\t\t<div class=\"elementor-element elementor-element-11d3d06 elementor-widget elementor-widget-touchup_core_section_title\" data-id=\"11d3d06\" data-element_type=\"widget\" data-widget_type=\"touchup_core_section_title.default\">\n\t\t\t\t<div class=\"elementor-widget-container\">\n\t\t\t<div class=\"qodef-shortcode qodef-m  qodef-section-title qodef-alignment--left\">\n\t\t<h3 class=\"qodef-m-title\" >\n\t\t\t\t\t\u041f\u0440\u043e\u0446\u0435\u0434\u0443\u0440\u044b \u0434\u043b\u044f \u043b\u0438\u0446\u0430\t\t\t<\/h3>\n\t<\/div>\t\t<\/div>\n\t\t\t\t<\/div>\n\t\t\t\t<div class=\"elementor-element elementor-element-4b43d1a elementor-widget elementor-widget-touchup_core_price_list\" data-id=\"4b43d1a\" data-element_type=\"widget\" data-widget_type=\"touchup_core_price_list.default\">\n\t\t\t\t<div class=\"elementor-widget-container\">\n\t\t\t<div class=\"qodef-shortcode qodef-m  qodef-price-list\">\n\t<div class=\"qodef-m-items\">\n\t\t\t\t\t<div class=\"qodef-m-item\">\n\t\t\t\t<span class=\"qodef-m-item-title\">\u0427\u0418\u0421\u0422\u041a\u0410 \u041b\u0418\u0426\u0410 \u2013 60 -90 \u041c\u0418\u041d<\/span>\n\t\t\t\t<span class=\"qodef-m-item-price\">350 lei<\/span>\n\t\t\t<\/div>\n\t\t\t\t\t<div class=\"qodef-m-item\">\n\t\t\t\t<span class=\"qodef-m-item-title\">\u041f\u0418\u041b\u0418\u041d\u0413 \u0421 \u0423\u041b\u042c\u0422\u0420\u0410\u0417\u0412\u0423\u041a\u041e\u041c \u2013 60 \u041c\u0418\u041d<\/span>\n\t\t\t\t<span class=\"qodef-m-item-price\">300 lei<\/span>\n\t\t\t<\/div>\n\t\t\t\t\t<div class=\"qodef-m-item\">\n\t\t\t\t<span class=\"qodef-m-item-title\">\u041c\u0418\u041a\u0420\u041e\u0414\u0415\u0420\u041c\u0410\u0411\u0420\u0410\u0417\u0418\u042f (\u041b\u0418\u0426\u041e, \u0428\u0415\u042f, \u0414\u0415\u041a\u041e\u041b\u042c\u0422\u0415) \u2013 45 \u041c\u0418\u041d<\/span>\n\t\t\t\t<span class=\"qodef-m-item-price\">350 lei<\/span>\n\t\t\t<\/div>\n\t\t\t\t\t<div class=\"qodef-m-item\">\n\t\t\t\t<span class=\"qodef-m-item-title\">\u0413\u0418\u041f\u0415\u0420\u0411\u0410\u0420\u0418\u0427\u0415\u0421\u041a\u0418\u041c \u041a\u0418\u0421\u041b\u041e\u0420\u041e\u0414\u041e\u041c (\u041b\u0418\u0426\u041e, \u0428\u0415\u042f, \u0414\u0415\u041a\u041e\u041b\u042c\u0422\u0415) \u2013 40 \u041c\u0418\u041d<\/span>\n\t\t\t\t<span class=\"qodef-m-item-price\">350 lei<\/span>\n\t\t\t<\/div>\n\t\t\t\t\t<div class=\"qodef-m-item\">\n\t\t\t\t<span class=\"qodef-m-item-title\">\u0412\u0418\u0420\u0422\u0423\u0410\u041b\u042c\u041d\u0410\u042f \u041c\u0415\u0417\u041e\u0422\u0415\u0420\u0410\u041f\u0418\u042f (\u041b\u0418\u0426\u041e, \u0428\u0415\u042f, \u0414\u0415\u041a\u041e\u041b\u042c\u0422\u0415) \u2013 20 \u041c\u0418\u041d<\/span>\n\t\t\t\t<span class=\"qodef-m-item-price\">300 lei <\/span>\n\t\t\t<\/div>\n\t\t\t\t\t<div class=\"qodef-m-item\">\n\t\t\t\t<span class=\"qodef-m-item-title\">\u0424\u0420\u0410\u041a\u0426\u0418\u041e\u041d\u041d\u0410\u042f \u041c\u0415\u0417\u041e\u0422\u0415\u0420\u0410\u041f\u0418\u042f (\u0414\u0415\u0420\u041c\u0410\u041f\u0415\u041d),(\u041b\u0418\u0426\u041e, \u0428\u0415\u042f, \u0414\u0415\u041a\u041e\u041b\u042c\u0422\u0415) - 60 \u041c\u0418\u041d<\/span>\n\t\t\t\t<span class=\"qodef-m-item-price\">500 lei<\/span>\n\t\t\t<\/div>\n\t\t\t\t\t<div class=\"qodef-m-item\">\n\t\t\t\t<span class=\"qodef-m-item-title\">\u0420\u0424 \u041b\u0418\u0424\u0422\u0418\u041d\u0413 (\u041b\u0418\u0426\u041e, \u0428\u0415\u042f, \u0414\u0415\u041a\u041e\u041b\u042c\u0422\u0415) - 20 \u041c\u0418\u041d<\/span>\n\t\t\t\t<span class=\"qodef-m-item-price\">300 lei<\/span>\n\t\t\t<\/div>\n\t\t\t\t\t<div class=\"qodef-m-item\">\n\t\t\t\t<span class=\"qodef-m-item-title\">\u041a\u0420\u0418\u041e\u041b\u0418\u0424\u0422\u0418\u041d\u0413 (\u041b\u0418\u0426\u041e, \u0428\u0415\u042f, \u0414\u0415\u041a\u041e\u041b\u042c\u0422\u0415) - 20 \u041c\u0418\u041d<\/span>\n\t\t\t\t<span class=\"qodef-m-item-price\">250 lei<\/span>\n\t\t\t<\/div>\n\t\t\t\t\t<div class=\"qodef-m-item\">\n\t\t\t\t<span class=\"qodef-m-item-title\">\u041f\u0423\u0417\u042b\u0420\u0427\u0418\u0412\u042b\u0419 \u041f\u0418\u041b\u0418\u041d\u0413 (\u041b\u0418\u0426\u041e, \u0428\u0415\u042f, \u0414\u0415\u041a\u041e\u041b\u042c\u0422\u0415) - 30 \u041c\u0418\u041d<\/span>\n\t\t\t\t<span class=\"qodef-m-item-price\">500 lei<\/span>\n\t\t\t<\/div>\n\t\t\t\t\t<div class=\"qodef-m-item\">\n\t\t\t\t<span class=\"qodef-m-item-title\">HYDRAFACIAL (\u041b\u0418\u0426\u041e, \u0428\u0415\u042f, \u0414\u0415\u041a\u041e\u041b\u042c\u0422\u0415) - 30 \u041c\u0418\u041d<\/span>\n\t\t\t\t<span class=\"qodef-m-item-price\">450 lei<\/span>\n\t\t\t<\/div>\n\t\t\t\t\t<div class=\"qodef-m-item\">\n\t\t\t\t<span class=\"qodef-m-item-title\">\u0414\u0410\u0420\u0421\u041e\u041d\u0412\u0410\u041b\u0418\u0417\u0410\u0426\u0418\u042f (\u041b\u0418\u0426\u041e,\u0428\u0415\u042f, \u0414\u0415\u041a\u041e\u041b\u042c\u0422\u0415) - 20 \u041c\u0418\u041d<\/span>\n\t\t\t\t<span class=\"qodef-m-item-price\">200 lei<\/span>\n\t\t\t<\/div>\n\t\t\t\t\t<div class=\"qodef-m-item\">\n\t\t\t\t<span class=\"qodef-m-item-title\">LED-\u041c\u0410\u0421\u041a\u0410 (\u041b\u0418\u0426\u041e, \u0428\u0415\u042f, \u0414\u0415\u041a\u041e\u041b\u042c\u0422\u0415) - 30 \u041c\u0418\u041d <\/span>\n\t\t\t\t<span class=\"qodef-m-item-price\">200 lei<\/span>\n\t\t\t<\/div>\n\t\t\t\t\t<div class=\"qodef-m-item\">\n\t\t\t\t<span class=\"qodef-m-item-title\">\u042d\u041d\u0417\u0418\u041c\u0410\u0422\u0418\u0427\u0415\u0421\u041a\u0418\u0419 \u041f\u0418\u041b\u0418\u041d\u0413 (\u041b\u0418\u0426\u041e, \u0428\u0415\u042f, \u0414\u0415\u041a\u041e\u041b\u042c\u0422\u0415) - 30 \u041c\u0418\u041d<\/span>\n\t\t\t\t<span class=\"qodef-m-item-price\">200 lei<\/span>\n\t\t\t<\/div>\n\t\t\t\t\t<div class=\"qodef-m-item\">\n\t\t\t\t<span class=\"qodef-m-item-title\">\u0425\u0418\u041c\u0418\u0427\u0415\u0421\u041a\u0418\u0419 \u041f\u0418\u041b\u0418\u041d\u0413 (\u041b\u0418\u0426\u041e, \u0428\u0415\u042f, \u0414\u0415\u041a\u041e\u041b\u042c\u0422\u0415) - 30 \u041c\u0418\u041d <\/span>\n\t\t\t\t<span class=\"qodef-m-item-price\">500-900 lei<\/span>\n\t\t\t<\/div>\n\t\t\t\t\t<div class=\"qodef-m-item\">\n\t\t\t\t<span class=\"qodef-m-item-title\">\u041c\u0410\u0421\u0421\u0410\u0416 \u041b\u0418\u0426\u0410 (\u041b\u0418\u0426\u0410, \u0428\u0415\u0418, \u0414\u0415\u041a\u041e\u041b\u042c\u0422\u0415) - 20 \u041c\u0418\u041d<\/span>\n\t\t\t\t<span class=\"qodef-m-item-price\">150 lei<\/span>\n\t\t\t<\/div>\n\t\t\t\t\t<div class=\"qodef-m-item\">\n\t\t\t\t<span class=\"qodef-m-item-title\">\u041c\u0410\u0421\u041a\u0418 \u0414\u041b\u042f \u041b\u0418\u0426\u0410 (\u041b\u0418\u0426\u041e, \u0428\u0415\u042f, \u0414\u0415\u041a\u041e\u041b\u042c\u0422\u0415)<\/span>\n\t\t\t\t<span class=\"qodef-m-item-price\">150 lei<\/span>\n\t\t\t<\/div>\n\t\t\t\t\t<div class=\"qodef-m-item\">\n\t\t\t\t<span class=\"qodef-m-item-title\">\u041c\u0415\u0417\u041e\u0422\u0415\u0420\u0410\u041f\u0418\u042f \u041f\u0420\u041e\u0422\u0418\u0412 \u0410\u041b\u041e\u041f\u0415\u0426\u0418\u0418<\/span>\n\t\t\t\t<span class=\"qodef-m-item-price\">500 lei<\/span>\n\t\t\t<\/div>\n\t\t\t\t\t<div class=\"qodef-m-item\">\n\t\t\t\t<span class=\"qodef-m-item-title\">BioRePeelCl3<\/span>\n\t\t\t\t<span class=\"qodef-m-item-price\">500 lei<\/span>\n\t\t\t<\/div>\n\t\t\t\t\t<div class=\"qodef-m-item\">\n\t\t\t\t<span class=\"qodef-m-item-title\">PRX-T33<\/span>\n\t\t\t\t<span class=\"qodef-m-item-price\">500 lei<\/span>\n\t\t\t<\/div>\n\t\t\t<\/div>\n<\/div>\t\t<\/div>\n\t\t\t\t<\/div>\n\t\t\t\t\t<\/div>\n\t\t<\/div>\n\t\t\t\t<div class=\"elementor-column elementor-col-50 elementor-top-column elementor-element elementor-element-c7f0d6d\" data-id=\"c7f0d6d\" data-element_type=\"column\">\n\t\t\t<div class=\"elementor-widget-wrap elementor-element-populated\">\n\t\t\t\t\t\t\t\t<div class=\"elementor-element elementor-element-4bd90aa elementor-widget elementor-widget-touchup_core_section_title\" data-id=\"4bd90aa\" data-element_type=\"widget\" data-widget_type=\"touchup_core_section_title.default\">\n\t\t\t\t<div class=\"elementor-widget-container\">\n\t\t\t<div class=\"qodef-shortcode qodef-m  qodef-section-title qodef-alignment--left\">\n\t\t<h3 class=\"qodef-m-title\" >\n\t\t\t\t\t\u041f\u0440\u043e\u0446\u0435\u0434\u0443\u0440\u044b \u0434\u043b\u044f \u0442\u0435\u043b\u0430\t\t\t<\/h3>\n\t<\/div>\t\t<\/div>\n\t\t\t\t<\/div>\n\t\t\t\t<div class=\"elementor-element elementor-element-a46bdd8 elementor-widget elementor-widget-touchup_core_price_list\" data-id=\"a46bdd8\" data-element_type=\"widget\" data-widget_type=\"touchup_core_price_list.default\">\n\t\t\t\t<div class=\"elementor-widget-container\">\n\t\t\t<div class=\"qodef-shortcode qodef-m  qodef-price-list\">\n\t<div class=\"qodef-m-items\">\n\t\t\t\t\t<div class=\"qodef-m-item\">\n\t\t\t\t<span class=\"qodef-m-item-title\">\u042d\u041b\u0415\u041a\u0422\u0420\u041e\u0421\u0422\u0418\u041c\u0423\u041b\u042f\u0426\u0418\u042f - 45 \u041c\u0418\u041d\/\u0421\u0415\u041a<\/span>\n\t\t\t\t<span class=\"qodef-m-item-price\">100 lei<\/span>\n\t\t\t<\/div>\n\t\t\t\t\t<div class=\"qodef-m-item\">\n\t\t\t\t<span class=\"qodef-m-item-title\">\u0412\u0418\u0420\u0422\u0423\u0410\u041b\u042c\u041d\u0410\u042f \u041b\u0418\u041f\u041e\u0421\u0410\u041a\u0426\u0418\u042f - 20 \u041c\u0418\u041d<\/span>\n\t\t\t\t<span class=\"qodef-m-item-price\">200 lei<\/span>\n\t\t\t<\/div>\n\t\t\t\t\t<div class=\"qodef-m-item\">\n\t\t\t\t<span class=\"qodef-m-item-title\">\u041a\u0410\u0412\u0418\u0422\u0410\u0426\u0418\u042f - 20 \u041c\u0418\u041d<\/span>\n\t\t\t\t<span class=\"qodef-m-item-price\">200 lei<\/span>\n\t\t\t<\/div>\n\t\t\t\t\t<div class=\"qodef-m-item\">\n\t\t\t\t<span class=\"qodef-m-item-title\">\u0420\u0424 \u041f\u0420\u0415\u041c\u0418\u0423\u041c + \u041a\u0410\u0412\u0418\u0422\u0410\u0426\u0418\u042f \u2013 20 \u041c\u0418\u041d<\/span>\n\t\t\t\t<span class=\"qodef-m-item-price\">300 lei<\/span>\n\t\t\t<\/div>\n\t\t\t\t\t<div class=\"qodef-m-item\">\n\t\t\t\t<span class=\"qodef-m-item-title\">\u0412\u0410\u041a\u0423\u0423\u041c - 20 \u041c\u0418\u041d<\/span>\n\t\t\t\t<span class=\"qodef-m-item-price\">200 lei<\/span>\n\t\t\t<\/div>\n\t\t\t\t\t<div class=\"qodef-m-item\">\n\t\t\t\t<span class=\"qodef-m-item-title\">\u0424\u0420\u0410\u041a\u0426\u0418\u041e\u041d\u041d\u0410\u042f \u041c\u0415\u0417\u041e\u0422\u0415\u0420\u0410\u041f\u0418\u042f (\u0434\u0435\u0440\u043c\u0430\u043f\u0435\u043d)<\/span>\n\t\t\t\t<span class=\"qodef-m-item-price\">500 lei<\/span>\n\t\t\t<\/div>\n\t\t\t\t\t<div class=\"qodef-m-item\">\n\t\t\t\t<span class=\"qodef-m-item-title\">\u041e\u0411\u0415\u0420\u0422\u042b\u0412\u0410\u041d\u0418\u042f<\/span>\n\t\t\t\t<span class=\"qodef-m-item-price\">100 lei<\/span>\n\t\t\t<\/div>\n\t\t\t\t\t<div class=\"qodef-m-item\">\n\t\t\t\t<span class=\"qodef-m-item-title\">\u0418\u041d\u0424\u0420\u0410\u041a\u0420\u0410\u0421\u041d\u0410\u042f \u0422\u0423\u041d\u041d\u0415\u041b\u042c\u041d\u0410\u042f \u0422\u0415\u0420\u0410\u041f\u0418\u042f - 45 \u041c\u0418\u041d\/\u0421\u0415\u0410\u041d\u0421<\/span>\n\t\t\t\t<span class=\"qodef-m-item-price\">100 lei<\/span>\n\t\t\t<\/div>\n\t\t\t\t\t<div class=\"qodef-m-item\">\n\t\t\t\t<span class=\"qodef-m-item-title\">\u041f\u0420\u0415\u0421\u0421-\u0422\u0415\u0420\u0410\u041f\u0418\u042f 45 \u041c\u0418\u041d\/\u0421\u0415\u0410\u041d\u0421<\/span>\n\t\t\t\t<span class=\"qodef-m-item-price\">100 lei<\/span>\n\t\t\t<\/div>\n\t\t\t\t\t<div class=\"qodef-m-item\">\n\t\t\t\t<span class=\"qodef-m-item-title\">\u0412\u0415\u041b\u0410\u0428\u0415\u0419\u041f - 20 \u041c\u0418\u041d\/\u0421\u0415\u0410\u041d\u0421<\/span>\n\t\t\t\t<span class=\"qodef-m-item-price\">200 lei<\/span>\n\t\t\t<\/div>\n\t\t\t\t\t<div class=\"qodef-m-item\">\n\t\t\t\t<span class=\"qodef-m-item-title\">\u041b\u0418\u041f\u041e\u041b\u0418\u0422\u0418\u041a\u0418<\/span>\n\t\t\t\t<span class=\"qodef-m-item-price\">500 lei<\/span>\n\t\t\t<\/div>\n\t\t\t<\/div>\n<\/div>\t\t<\/div>\n\t\t\t\t<\/div>\n\t\t\t\t\t<\/div>\n\t\t<\/div>\n\t\t\t\t\t\t\t<\/div>\n\t\t<\/section>\n\t\t\t\t<section class=\"elementor-section elementor-top-section elementor-element elementor-element-1cb1bb6 elementor-section-full_width elementor-section-stretched elementor-section-height-default elementor-section-height-default qodef-elementor-content-no\" data-id=\"1cb1bb6\" data-element_type=\"section\" data-settings=\"{&quot;stretch_section&quot;:&quot;section-stretched&quot;}\">\n\t\t\t\t\t\t<div class=\"elementor-container elementor-column-gap-default\">\n\t\t\t\t\t<div class=\"elementor-column elementor-col-50 elementor-top-column elementor-element elementor-element-626f4f6\" data-id=\"626f4f6\" data-element_type=\"column\">\n\t\t\t<div class=\"elementor-widget-wrap elementor-element-populated\">\n\t\t\t\t\t\t\t\t<div class=\"elementor-element elementor-element-3d9f3a8 elementor-widget elementor-widget-touchup_core_section_title\" data-id=\"3d9f3a8\" data-element_type=\"widget\" data-widget_type=\"touchup_core_section_title.default\">\n\t\t\t\t<div class=\"elementor-widget-container\">\n\t\t\t<div class=\"qodef-shortcode qodef-m  qodef-section-title qodef-alignment--left\">\n\t\t<h3 class=\"qodef-m-title\" >\n\t\t\t\t\t\u041b\u0410\u0417\u0415\u0420\u041d\u0410\u042f \u042d\u041f\u0418\u041b\u042f\u0426\u0418\u042f\t\t\t<\/h3>\n\t<\/div>\t\t<\/div>\n\t\t\t\t<\/div>\n\t\t\t\t<div class=\"elementor-element elementor-element-c8b689f elementor-widget elementor-widget-touchup_core_price_list\" data-id=\"c8b689f\" data-element_type=\"widget\" data-widget_type=\"touchup_core_price_list.default\">\n\t\t\t\t<div class=\"elementor-widget-container\">\n\t\t\t<div class=\"qodef-shortcode qodef-m  qodef-price-list\">\n\t<div class=\"qodef-m-items\">\n\t\t\t\t\t<div class=\"qodef-m-item\">\n\t\t\t\t<span class=\"qodef-m-item-title\">\u0423\u0421\u042b  \/ \u041f\u041e\u0414\u0411\u041e\u0420\u041e\u0414\u041e\u041a \/ \u0429\u0415\u041a\u0418<\/span>\n\t\t\t\t<span class=\"qodef-m-item-price\">150 lei<\/span>\n\t\t\t<\/div>\n\t\t\t\t\t<div class=\"qodef-m-item\">\n\t\t\t\t<span class=\"qodef-m-item-title\">\u0427\u0410\u0421\u0422\u0418\u0427\u041d\u042b\u0419 \u0411\u0418\u041a\u0418\u041d\u0418<\/span>\n\t\t\t\t<span class=\"qodef-m-item-price\">250 lei<\/span>\n\t\t\t<\/div>\n\t\t\t\t\t<div class=\"qodef-m-item\">\n\t\t\t\t<span class=\"qodef-m-item-title\">\u0413\u041b\u0423\u0411\u041e\u041a\u041e\u0415 \u0411\u0418\u041a\u0418\u041d\u0418<\/span>\n\t\t\t\t<span class=\"qodef-m-item-price\">450 lei<\/span>\n\t\t\t<\/div>\n\t\t\t\t\t<div class=\"qodef-m-item\">\n\t\t\t\t<span class=\"qodef-m-item-title\">\u041d\u041e\u0413\u0418 (\u043f\u043e\u043b\u043d\u043e\u0441\u0442\u044c\u044e)<\/span>\n\t\t\t\t<span class=\"qodef-m-item-price\">1000 lei<\/span>\n\t\t\t<\/div>\n\t\t\t\t\t<div class=\"qodef-m-item\">\n\t\t\t\t<span class=\"qodef-m-item-title\">\u041d\u041e\u0413\u0418 (\u0433\u043e\u043b\u0435\u043d\u0438)<\/span>\n\t\t\t\t<span class=\"qodef-m-item-price\">590 lei<\/span>\n\t\t\t<\/div>\n\t\t\t\t\t<div class=\"qodef-m-item\">\n\t\t\t\t<span class=\"qodef-m-item-title\">\u041d\u041e\u0413\u0418 (\u0431\u0435\u0434\u0440\u0430)<\/span>\n\t\t\t\t<span class=\"qodef-m-item-price\">490 lei<\/span>\n\t\t\t<\/div>\n\t\t\t\t\t<div class=\"qodef-m-item\">\n\t\t\t\t<span class=\"qodef-m-item-title\">\u041f\u041e\u0414\u041c\u042b\u0428\u0415\u0427\u041d\u0410\u042f \u041e\u0411\u041b\u0410\u0421\u0422\u042c<\/span>\n\t\t\t\t<span class=\"qodef-m-item-price\">200 lei<\/span>\n\t\t\t<\/div>\n\t\t\t\t\t<div class=\"qodef-m-item\">\n\t\t\t\t<span class=\"qodef-m-item-title\">\u0420\u0423\u041a\u0418 \u0414\u041e \u041b\u041e\u041a\u0422\u042f<\/span>\n\t\t\t\t<span class=\"qodef-m-item-price\">450 lei<\/span>\n\t\t\t<\/div>\n\t\t\t\t\t<div class=\"qodef-m-item\">\n\t\t\t\t<span class=\"qodef-m-item-title\">\u0420\u0423\u041a\u0418 \u041f\u041e\u041b\u041d\u041e\u0421\u0422\u042e<\/span>\n\t\t\t\t<span class=\"qodef-m-item-price\">650 lei<\/span>\n\t\t\t<\/div>\n\t\t\t\t\t<div class=\"qodef-m-item\">\n\t\t\t\t<span class=\"qodef-m-item-title\">\u0421\u041f\u0418\u041d\u0410 \u041f\u041e\u041b\u041d\u041e\u0421\u0422\u042e<\/span>\n\t\t\t\t<span class=\"qodef-m-item-price\">1000 lei<\/span>\n\t\t\t<\/div>\n\t\t\t\t\t<div class=\"qodef-m-item\">\n\t\t\t\t<span class=\"qodef-m-item-title\">\u0416\u0418\u0412\u041e\u0422 \u041f\u041e\u041b\u041d\u041e\u0421\u0422\u042e<\/span>\n\t\t\t\t<span class=\"qodef-m-item-price\">600 lei<\/span>\n\t\t\t<\/div>\n\t\t\t<\/div>\n<\/div>\t\t<\/div>\n\t\t\t\t<\/div>\n\t\t\t\t\t<\/div>\n\t\t<\/div>\n\t\t\t\t<div class=\"elementor-column elementor-col-50 elementor-top-column elementor-element elementor-element-d062409\" data-id=\"d062409\" data-element_type=\"column\">\n\t\t\t<div class=\"elementor-widget-wrap\">\n\t\t\t\t\t\t\t\t\t<\/div>\n\t\t<\/div>\n\t\t\t\t\t\t\t<\/div>\n\t\t<\/section>\n\t\t\t\t\t\t\t<\/div>","protected":false},"excerpt":{"rendered":"<p>Beauty Menu Tratamente Faciale Cur\u0103\u021barea tenului (combinat pentru ten gras &#8211; acneeic) &#8211; 60-90 min 350 lei Peeling cu ultrasunete &#8211; 60 min 300 lei Microdermabraziune (fa\u021b\u0103, g\u00e2t, decolteu) &#8211; 45 min 350 lei Oxigenare cu oxygen hyperbaric (fa\u021b\u0103, g\u00e2t, decolteu) &#8211; 40 min 350 lei Mezoterapia virtual\u0103 (fa\u021b\u0103, g\u00e2t, decolteu) &#8211; 20 min 300 [&hellip;]<\/p>","protected":false},"author":1,"featured_media":0,"parent":0,"menu_order":0,"comment_status":"closed","ping_status":"closed","template":"page-full-width.php","meta":{"footnotes":""},"class_list":["post-9220","page","type-page","status-publish","hentry"],"yoast_head":"<!-- This site is optimized with the Yoast SEO plugin v20.12 - https:\/\/yoast.com\/wordpress\/plugins\/seo\/ -->\n<title>Pre\u021buri - Malina Clinic<\/title>\n<meta name=\"robots\" content=\"index, follow, max-snippet:-1, max-image-preview:large, max-video-preview:-1\" \/>\n<link rel=\"canonical\" href=\"https:\/\/malinaclinic.ro\/ru\/preturi\/\" \/>\n<meta property=\"og:locale\" content=\"ru_RU\" \/>\n<meta property=\"og:type\" content=\"article\" \/>\n<meta property=\"og:title\" content=\"Pre\u021buri - Malina Clinic\" \/>\n<meta property=\"og:description\" content=\"Beauty Menu Tratamente Faciale Cur\u0103\u021barea tenului (combinat pentru ten gras &#8211; acneeic) &#8211; 60-90 min 350 lei Peeling cu ultrasunete &#8211; 60 min 300 lei Microdermabraziune (fa\u021b\u0103, g\u00e2t, decolteu) &#8211; 45 min 350 lei Oxigenare cu oxygen hyperbaric (fa\u021b\u0103, g\u00e2t, decolteu) &#8211; 40 min 350 lei Mezoterapia virtual\u0103 (fa\u021b\u0103, g\u00e2t, decolteu) &#8211; 20 min 300 [&hellip;]\" \/>\n<meta property=\"og:url\" content=\"https:\/\/malinaclinic.ro\/ru\/preturi\/\" \/>\n<meta property=\"og:site_name\" content=\"Malina Clinic\" \/>\n<meta property=\"article:modified_time\" content=\"2023-04-28T06:43:25+00:00\" \/>\n<meta name=\"twitter:card\" content=\"summary_large_image\" \/>\n<meta name=\"twitter:label1\" content=\"\u041f\u0440\u0438\u043c\u0435\u0440\u043d\u043e\u0435 \u0432\u0440\u0435\u043c\u044f \u0434\u043b\u044f \u0447\u0442\u0435\u043d\u0438\u044f\" \/>\n\t<meta name=\"twitter:data1\" content=\"2 \u043c\u0438\u043d\u0443\u0442\u044b\" \/>\n<script type=\"application\/ld+json\" class=\"yoast-schema-graph\">{\"@context\":\"https:\/\/schema.org\",\"@graph\":[{\"@type\":\"WebPage\",\"@id\":\"https:\/\/malinaclinic.ro\/preturi\/\",\"url\":\"https:\/\/malinaclinic.ro\/preturi\/\",\"name\":\"Pre\u021buri - Malina Clinic\",\"isPartOf\":{\"@id\":\"https:\/\/malinaclinic.ro\/#website\"},\"datePublished\":\"2021-12-12T20:49:43+00:00\",\"dateModified\":\"2023-04-28T06:43:25+00:00\",\"breadcrumb\":{\"@id\":\"https:\/\/malinaclinic.ro\/preturi\/#breadcrumb\"},\"inLanguage\":\"ru-RU\",\"potentialAction\":[{\"@type\":\"ReadAction\",\"target\":[\"https:\/\/malinaclinic.ro\/preturi\/\"]}]},{\"@type\":\"BreadcrumbList\",\"@id\":\"https:\/\/malinaclinic.ro\/preturi\/#breadcrumb\",\"itemListElement\":[{\"@type\":\"ListItem\",\"position\":1,\"name\":\"Home\",\"item\":\"https:\/\/malinaclinic.ro\/\"},{\"@type\":\"ListItem\",\"position\":2,\"name\":\"Pre\u021buri\"}]},{\"@type\":\"WebSite\",\"@id\":\"https:\/\/malinaclinic.ro\/#website\",\"url\":\"https:\/\/malinaclinic.ro\/\",\"name\":\"Malina Clinic\",\"description\":\"Clinic\u0103 de \u00eenfrumuse\u021bare\",\"potentialAction\":[{\"@type\":\"SearchAction\",\"target\":{\"@type\":\"EntryPoint\",\"urlTemplate\":\"https:\/\/malinaclinic.ro\/?s={search_term_string}\"},\"query-input\":\"required name=search_term_string\"}],\"inLanguage\":\"ru-RU\"}]}<\/script>\n<!-- \/ Yoast SEO plugin. -->","yoast_head_json":{"title":"Pre\u021buri - Malina Clinic","robots":{"index":"index","follow":"follow","max-snippet":"max-snippet:-1","max-image-preview":"max-image-preview:large","max-video-preview":"max-video-preview:-1"},"canonical":"https:\/\/malinaclinic.ro\/ru\/preturi\/","og_locale":"ru_RU","og_type":"article","og_title":"Pre\u021buri - Malina Clinic","og_description":"Beauty Menu Tratamente Faciale Cur\u0103\u021barea tenului (combinat pentru ten gras &#8211; acneeic) &#8211; 60-90 min 350 lei Peeling cu ultrasunete &#8211; 60 min 300 lei Microdermabraziune (fa\u021b\u0103, g\u00e2t, decolteu) &#8211; 45 min 350 lei Oxigenare cu oxygen hyperbaric (fa\u021b\u0103, g\u00e2t, decolteu) &#8211; 40 min 350 lei Mezoterapia virtual\u0103 (fa\u021b\u0103, g\u00e2t, decolteu) &#8211; 20 min 300 [&hellip;]","og_url":"https:\/\/malinaclinic.ro\/ru\/preturi\/","og_site_name":"Malina Clinic","article_modified_time":"2023-04-28T06:43:25+00:00","twitter_card":"summary_large_image","twitter_misc":{"\u041f\u0440\u0438\u043c\u0435\u0440\u043d\u043e\u0435 \u0432\u0440\u0435\u043c\u044f \u0434\u043b\u044f \u0447\u0442\u0435\u043d\u0438\u044f":"2 \u043c\u0438\u043d\u0443\u0442\u044b"},"schema":{"@context":"https:\/\/schema.org","@graph":[{"@type":"WebPage","@id":"https:\/\/malinaclinic.ro\/preturi\/","url":"https:\/\/malinaclinic.ro\/preturi\/","name":"Pre\u021buri - Malina Clinic","isPartOf":{"@id":"https:\/\/malinaclinic.ro\/#website"},"datePublished":"2021-12-12T20:49:43+00:00","dateModified":"2023-04-28T06:43:25+00:00","breadcrumb":{"@id":"https:\/\/malinaclinic.ro\/preturi\/#breadcrumb"},"inLanguage":"ru-RU","potentialAction":[{"@type":"ReadAction","target":["https:\/\/malinaclinic.ro\/preturi\/"]}]},{"@type":"BreadcrumbList","@id":"https:\/\/malinaclinic.ro\/preturi\/#breadcrumb","itemListElement":[{"@type":"ListItem","position":1,"name":"Home","item":"https:\/\/malinaclinic.ro\/"},{"@type":"ListItem","position":2,"name":"Pre\u021buri"}]},{"@type":"WebSite","@id":"https:\/\/malinaclinic.ro\/#website","url":"https:\/\/malinaclinic.ro\/","name":"Malina Clinic","description":"Clinic\u0103 de \u00eenfrumuse\u021bare","potentialAction":[{"@type":"SearchAction","target":{"@type":"EntryPoint","urlTemplate":"https:\/\/malinaclinic.ro\/?s={search_term_string}"},"query-input":"required name=search_term_string"}],"inLanguage":"ru-RU"}]}},"_links":{"self":[{"href":"https:\/\/malinaclinic.ro\/ru\/wp-json\/wp\/v2\/pages\/9220","targetHints":{"allow":["GET"]}}],"collection":[{"href":"https:\/\/malinaclinic.ro\/ru\/wp-json\/wp\/v2\/pages"}],"about":[{"href":"https:\/\/malinaclinic.ro\/ru\/wp-json\/wp\/v2\/types\/page"}],"author":[{"embeddable":true,"href":"https:\/\/malinaclinic.ro\/ru\/wp-json\/wp\/v2\/users\/1"}],"replies":[{"embeddable":true,"href":"https:\/\/malinaclinic.ro\/ru\/wp-json\/wp\/v2\/comments?post=9220"}],"version-history":[{"count":5,"href":"https:\/\/malinaclinic.ro\/ru\/wp-json\/wp\/v2\/pages\/9220\/revisions"}],"predecessor-version":[{"id":10178,"href":"https:\/\/malinaclinic.ro\/ru\/wp-json\/wp\/v2\/pages\/9220\/revisions\/10178"}],"wp:attachment":[{"href":"https:\/\/malinaclinic.ro\/ru\/wp-json\/wp\/v2\/media?parent=9220"}],"curies":[{"name":"wp","href":"https:\/\/api.w.org\/{rel}","templated":true}]}}